{"id":90,"date":"2025-09-08T13:08:31","date_gmt":"2025-09-08T11:08:31","guid":{"rendered":"https:\/\/maitallurgie.be\/2026\/?page_id=90"},"modified":"2026-03-31T11:44:16","modified_gmt":"2026-03-31T09:44:16","slug":"concours-un-logo-pour-leau-dheure","status":"publish","type":"page","link":"https:\/\/maitallurgie.be\/2026\/concours-un-logo-pour-leau-dheure\/","title":{"rendered":"Concours logo"},"content":{"rendered":"\n<p><strong>Nous vous proposons un concours.<\/strong> Les chemins de l\u2019Eau d\u2019Heure, c\u2019est une initiative hautement symbolique, et chacun en a une id\u00e9e personnelle.<br>L\u2019Eau d\u2019Heure, c\u2019est par l\u00e0 que l\u2019industrie est venue jusqu\u2019\u00e0 Charleroi : une fois que l\u2019on a pu profiter de l\u2019\u00e9nergie du charbon, les industries m\u00e9tallurgiques se sont peu \u00e0 peu d\u00e9plac\u00e9es et ont remplac\u00e9 leurs moulins \u00e0 eau par des machines \u00e0 vapeur.<\/p>\n\n\n\n<p>Aujourd\u2019hui, la vall\u00e9e de l\u2019Eau d\u2019Heure s\u2019est largement repeupl\u00e9e, avec entre autres les populations qui travaillent \u00e0 Charleroi. C\u2019est donc une histoire d\u2019allers et retours qui peut s\u2019illustrer ainsi. C\u2019est en tous les cas une des lectures possibles.<\/p>\n\n\n\n<p>Mais chacun voit l&rsquo;Eau d&rsquo;Heure et son bassin versant diff\u00e9remment, on peut penser \u00e0 la r\u00e9serve d&rsquo;eau qui alimente la m\u00e9tropole, on peut penser aux agriculteurs qui nourrissent la ville, aux \u00e9glises, aux marches de l&rsquo;entre-Sambre et Meuse, aux esp\u00e8ces animales qui montent et remontent le cours d&rsquo;eau &#8230;.<\/p>\n\n\n\n<p><strong>Laissez-nous le lien de votre image\/logo en commentaire de cette page, nous la mettrons dans la galerie ci-dessous au fur et \u00e0 mesure de vos envois. Peut-\u00eatre qu\u2019une de nos contributions inspirera les autorit\u00e9s \u00e0 donner aux \u00ab Chemins de l\u2019Eau d\u2019Heure \u00bb son identit\u00e9.<\/strong><\/p>\n\n\n\n<p><\/p>\n\n\n\n<p><strong>Le GSARA-Charleroi<\/strong> commence par une image cr\u00e9\u00e9e avec Sora, le moteur de cr\u00e9ation d\u2019images de ChatGPT (c\u2019est gratuit, il suffit de s\u2019inscrire). Nous l\u2019avons g\u00e9n\u00e9r\u00e9e avec le prompt suivant : cr\u00e9ation de logo. Style en ligne claire, simple trait : un h\u00e9ron survole une rivi\u00e8re et tient une poutre d\u2019acier dans le bec. Au fond du paysage : une chemin\u00e9e qui fume. Le mot en dessous : \u00ab Eau d\u2019Heure \u00bb.<\/p>\n\n\n\n<p>Une conversation publique a \u00e9t\u00e9 ouverte : <a href=\"https:\/\/chatgpt.com\/share\/68beb51d-ac88-8002-a0c9-6d28e1134954\">https:\/\/chatgpt.com\/share\/68beb51d-ac88-8002-a0c9-6d28e1134954<\/a><\/p>\n\n\n\n<figure class=\"wp-block-gallery has-nested-images columns-default is-cropped wp-block-gallery-1 is-layout-flex wp-block-gallery-is-layout-flex\">\n<figure class=\"wp-block-image size-large\"><img loading=\"lazy\" decoding=\"async\" width=\"683\" height=\"1024\" data-id=\"93\" src=\"https:\/\/maitallurgie.be\/2026\/wp-content\/uploads\/2025\/09\/assets_task_01k4meh315ej888y8050c60tkk_1757328077_img_0-683x1024.webp\" alt=\"\" class=\"wp-image-93\" srcset=\"https:\/\/maitallurgie.be\/2026\/wp-content\/uploads\/2025\/09\/assets_task_01k4meh315ej888y8050c60tkk_1757328077_img_0-683x1024.webp 683w, https:\/\/maitallurgie.be\/2026\/wp-content\/uploads\/2025\/09\/assets_task_01k4meh315ej888y8050c60tkk_1757328077_img_0-200x300.webp 200w, https:\/\/maitallurgie.be\/2026\/wp-content\/uploads\/2025\/09\/assets_task_01k4meh315ej888y8050c60tkk_1757328077_img_0-768x1152.webp 768w, https:\/\/maitallurgie.be\/2026\/wp-content\/uploads\/2025\/09\/assets_task_01k4meh315ej888y8050c60tkk_1757328077_img_0.webp 1024w\" sizes=\"auto, (max-width: 683px) 100vw, 683px\" \/><\/figure>\n\n\n\n<figure class=\"wp-block-image size-large\"><img loading=\"lazy\" decoding=\"async\" width=\"1024\" height=\"1024\" data-id=\"94\" src=\"https:\/\/maitallurgie.be\/2026\/wp-content\/uploads\/2025\/09\/ChatGPT-Image-8-sept.-2025-12_53_59.png\" alt=\"\" class=\"wp-image-94\" srcset=\"https:\/\/maitallurgie.be\/2026\/wp-content\/uploads\/2025\/09\/ChatGPT-Image-8-sept.-2025-12_53_59.png 1024w, https:\/\/maitallurgie.be\/2026\/wp-content\/uploads\/2025\/09\/ChatGPT-Image-8-sept.-2025-12_53_59-300x300.png 300w, https:\/\/maitallurgie.be\/2026\/wp-content\/uploads\/2025\/09\/ChatGPT-Image-8-sept.-2025-12_53_59-150x150.png 150w, https:\/\/maitallurgie.be\/2026\/wp-content\/uploads\/2025\/09\/ChatGPT-Image-8-sept.-2025-12_53_59-768x768.png 768w\" sizes=\"auto, (max-width: 1024px) 100vw, 1024px\" \/><\/figure>\n\n\n\n<figure class=\"wp-block-image size-full\"><img loading=\"lazy\" decoding=\"async\" width=\"1024\" height=\"1024\" data-id=\"97\" src=\"https:\/\/maitallurgie.be\/2026\/wp-content\/uploads\/2025\/09\/ChatGPT-Image-8-sept.-2025-13_05_22.png\" alt=\"\" class=\"wp-image-97\" srcset=\"https:\/\/maitallurgie.be\/2026\/wp-content\/uploads\/2025\/09\/ChatGPT-Image-8-sept.-2025-13_05_22.png 1024w, https:\/\/maitallurgie.be\/2026\/wp-content\/uploads\/2025\/09\/ChatGPT-Image-8-sept.-2025-13_05_22-300x300.png 300w, https:\/\/maitallurgie.be\/2026\/wp-content\/uploads\/2025\/09\/ChatGPT-Image-8-sept.-2025-13_05_22-150x150.png 150w, https:\/\/maitallurgie.be\/2026\/wp-content\/uploads\/2025\/09\/ChatGPT-Image-8-sept.-2025-13_05_22-768x768.png 768w\" sizes=\"auto, (max-width: 1024px) 100vw, 1024px\" \/><\/figure>\n\n\n\n<figure class=\"wp-block-image size-large\"><img loading=\"lazy\" decoding=\"async\" width=\"683\" height=\"1024\" data-id=\"98\" src=\"https:\/\/maitallurgie.be\/2026\/wp-content\/uploads\/2025\/09\/assets_task_01k4mfvhxpegc9z2vm8hb0d40f_1757329472_img_0-683x1024.webp\" alt=\"\" class=\"wp-image-98\" srcset=\"https:\/\/maitallurgie.be\/2026\/wp-content\/uploads\/2025\/09\/assets_task_01k4mfvhxpegc9z2vm8hb0d40f_1757329472_img_0-683x1024.webp 683w, https:\/\/maitallurgie.be\/2026\/wp-content\/uploads\/2025\/09\/assets_task_01k4mfvhxpegc9z2vm8hb0d40f_1757329472_img_0-200x300.webp 200w, https:\/\/maitallurgie.be\/2026\/wp-content\/uploads\/2025\/09\/assets_task_01k4mfvhxpegc9z2vm8hb0d40f_1757329472_img_0-768x1152.webp 768w, https:\/\/maitallurgie.be\/2026\/wp-content\/uploads\/2025\/09\/assets_task_01k4mfvhxpegc9z2vm8hb0d40f_1757329472_img_0.webp 1024w\" sizes=\"auto, (max-width: 683px) 100vw, 683px\" \/><\/figure>\n\n\n\n<figure class=\"wp-block-image size-large\"><img loading=\"lazy\" decoding=\"async\" width=\"1024\" height=\"1024\" data-id=\"100\" src=\"https:\/\/maitallurgie.be\/2026\/wp-content\/uploads\/2025\/09\/ChatGPT-Image-8-sept.-2025-13_13_47.png\" alt=\"\" class=\"wp-image-100\" srcset=\"https:\/\/maitallurgie.be\/2026\/wp-content\/uploads\/2025\/09\/ChatGPT-Image-8-sept.-2025-13_13_47.png 1024w, https:\/\/maitallurgie.be\/2026\/wp-content\/uploads\/2025\/09\/ChatGPT-Image-8-sept.-2025-13_13_47-300x300.png 300w, https:\/\/maitallurgie.be\/2026\/wp-content\/uploads\/2025\/09\/ChatGPT-Image-8-sept.-2025-13_13_47-150x150.png 150w, https:\/\/maitallurgie.be\/2026\/wp-content\/uploads\/2025\/09\/ChatGPT-Image-8-sept.-2025-13_13_47-768x768.png 768w\" sizes=\"auto, (max-width: 1024px) 100vw, 1024px\" \/><\/figure>\n<\/figure>\n\n\n\n<p><\/p>\n","protected":false},"excerpt":{"rendered":"<p>Nous vous proposons un concours. Les chemins de l\u2019Eau d\u2019Heure, c\u2019est une initiative hautement symbolique, et chacun en a une id\u00e9e personnelle.L\u2019Eau d\u2019Heure, c\u2019est par l\u00e0 que l\u2019industrie est venue jusqu\u2019\u00e0 Charleroi : une fois que l\u2019on a pu profiter de l\u2019\u00e9nergie du charbon, les industries m\u00e9tallurgiques se sont peu \u00e0 peu d\u00e9plac\u00e9es et ont<\/p>\n","protected":false},"author":1,"featured_media":93,"parent":0,"menu_order":0,"comment_status":"open","ping_status":"closed","template":"","meta":{"footnotes":""},"class_list":["post-90","page","type-page","status-publish","has-post-thumbnail","hentry"],"_links":{"self":[{"href":"https:\/\/maitallurgie.be\/2026\/wp-json\/wp\/v2\/pages\/90","targetHints":{"allow":["GET"]}}],"collection":[{"href":"https:\/\/maitallurgie.be\/2026\/wp-json\/wp\/v2\/pages"}],"about":[{"href":"https:\/\/maitallurgie.be\/2026\/wp-json\/wp\/v2\/types\/page"}],"author":[{"embeddable":true,"href":"https:\/\/maitallurgie.be\/2026\/wp-json\/wp\/v2\/users\/1"}],"replies":[{"embeddable":true,"href":"https:\/\/maitallurgie.be\/2026\/wp-json\/wp\/v2\/comments?post=90"}],"version-history":[{"count":11,"href":"https:\/\/maitallurgie.be\/2026\/wp-json\/wp\/v2\/pages\/90\/revisions"}],"predecessor-version":[{"id":282,"href":"https:\/\/maitallurgie.be\/2026\/wp-json\/wp\/v2\/pages\/90\/revisions\/282"}],"wp:featuredmedia":[{"embeddable":true,"href":"https:\/\/maitallurgie.be\/2026\/wp-json\/wp\/v2\/media\/93"}],"wp:attachment":[{"href":"https:\/\/maitallurgie.be\/2026\/wp-json\/wp\/v2\/media?parent=90"}],"curies":[{"name":"wp","href":"https:\/\/api.w.org\/{rel}","templated":true}]}}