{"id":301,"date":"2026-04-02T10:39:16","date_gmt":"2026-04-02T08:39:16","guid":{"rendered":"https:\/\/maitallurgie.be\/2026\/?page_id=301"},"modified":"2026-04-16T15:17:05","modified_gmt":"2026-04-16T13:17:05","slug":"programme-maitallurgie-2026","status":"publish","type":"page","link":"https:\/\/maitallurgie.be\/2026\/programme-maitallurgie-2026\/","title":{"rendered":"Programme MAI&rsquo;tallurgie 2026"},"content":{"rendered":"\n<figure class=\"wp-block-image size-large is-resized\"><img loading=\"lazy\" decoding=\"async\" width=\"1024\" height=\"396\" src=\"https:\/\/maitallurgie.be\/2026\/wp-content\/uploads\/2026\/04\/Maitallurgie2026png-1024x396.png\" alt=\"\" class=\"wp-image-325\" style=\"width:363px;height:auto\" srcset=\"https:\/\/maitallurgie.be\/2026\/wp-content\/uploads\/2026\/04\/Maitallurgie2026png-1024x396.png 1024w, https:\/\/maitallurgie.be\/2026\/wp-content\/uploads\/2026\/04\/Maitallurgie2026png-300x116.png 300w, https:\/\/maitallurgie.be\/2026\/wp-content\/uploads\/2026\/04\/Maitallurgie2026png-768x297.png 768w, https:\/\/maitallurgie.be\/2026\/wp-content\/uploads\/2026\/04\/Maitallurgie2026png-1536x594.png 1536w, https:\/\/maitallurgie.be\/2026\/wp-content\/uploads\/2026\/04\/Maitallurgie2026png-2048x792.png 2048w\" sizes=\"auto, (max-width: 1024px) 100vw, 1024px\" \/><\/figure>\n\n\n\n<p>Et si on suivait le fil de l\u2019eau pendant 3 semaines ?<\/p>\n\n\n\n<p>Un festival collectif \u00e0 Marchienne, au fil de l\u2019Eau d\u2019Heure, pour explorer ce qui nous relie :<br>\ud83d\udca7&nbsp;l\u2019eau comme m\u00e9moire du territoire<br>\ud83d\udca7&nbsp;l\u2019eau comme ressource vivante<br>\ud83d\udca7&nbsp;l\u2019eau comme lien entre nous<\/p>\n\n\n\n<p>\ud83d\udcc5&nbsp;Du 8 au 30 mai 2026<br>\ud83d\udccd&nbsp;Site des Zabattoirs &amp; lieux partenaires<\/p>\n\n\n\n<p>Pendant 3 semaines, le festival se d\u00e9ploie \u201cau fil de l\u2019eau\u201d avec :<br>\u2728&nbsp;spectacles<br>\ud83c\udfb6&nbsp;concerts<br>\ud83c\udfa8&nbsp;expositions<br>\ud83d\udee0\ufe0f&nbsp;ateliers<br>\ud83c\udf3f&nbsp;moments conviviaux<\/p>\n\n\n\n<div class=\"wp-block-columns is-layout-flex wp-container-core-columns-is-layout-28f84493 wp-block-columns-is-layout-flex\">\n<div class=\"wp-block-column is-layout-flow wp-block-column-is-layout-flow\">\n<p><strong>\ud83d\udca7<\/strong><strong>&nbsp;SEMAINE 1<\/strong><strong><\/strong><\/p>\n\n\n\n<p><em>En amont\u2026<\/em><\/p>\n\n\n\n<p class=\"has-luminous-vivid-orange-color has-text-color has-link-color has-medium-font-size wp-elements-b7639d293451b232419e606ea7583d18\"><strong>Vendredi 8 mai \u2013 Ouverture officielle<\/strong><\/p>\n\n\n\n<p>\ud83d\udccd&nbsp;Site des Zabattoirs<\/p>\n\n\n\n<ul class=\"wp-block-list\">\n<li>18h : Inauguration &amp; discours&nbsp;<\/li>\n\n\n\n<li>20h :&nbsp;\ud83c\udfb6&nbsp;&nbsp;<a href=\"https:\/\/www.facebook.com\/machiquesystem?locale=fr_FR\">Concert Ma chique system \u2013 Cover Band<\/a>&nbsp;\ud83c\udfb6<\/li>\n<\/ul>\n\n\n\n<p class=\"has-luminous-vivid-orange-color has-text-color has-link-color has-medium-font-size wp-elements-4c7994cb266ac86ac19133047226be12\"><strong>Mercredi 13 mai \u2013 Vernissage<\/strong><\/p>\n\n\n\n<p>\ud83d\udccd&nbsp;<a href=\"https:\/\/www.facebook.com\/ecporteouest?locale=fr_FR\">Espace Citoyen Porte Ouest<\/a><\/p>\n\n\n\n<ul class=\"wp-block-list\">\n<li>17h : Vernissage de l\u2019exposition \u00ab&nbsp;EAU\u2026 secours&nbsp;\u00bb<\/li>\n<\/ul>\n<\/div>\n\n\n\n<div class=\"wp-block-column is-layout-flow wp-block-column-is-layout-flow\">\n<p><strong>\ud83d\udca7<\/strong><strong>&nbsp;SEMAINE 2<\/strong><strong><\/strong><\/p>\n\n\n\n<p><em>Au fil de l\u2019eau<\/em>&#8230;<\/p>\n\n\n\n<p class=\"has-luminous-vivid-orange-color has-text-color has-link-color has-medium-font-size wp-elements-1f73b578ac3794976a35f0ddc24cd553\"><strong>Du 18 au 22 mai \u2013 Spectacles &amp; ateliers<\/strong> <em>pour les \u00e9coles<\/em><\/p>\n\n\n\n<p>\ud83d\udccd&nbsp;Site des Zabattoirs<\/p>\n\n\n\n<ul class=\"wp-block-list\">\n<li>Spectacle&nbsp;\u00ab&nbsp;Eau trouble&nbsp;\u00bb&nbsp;de l\u2019<a href=\"https:\/\/www.facebook.com\/imprenethonemap?locale=fr_FR\">IMP Ren\u00e9 Th\u00f4ne<\/a> <\/li>\n\n\n\n<li>Spectacle \u201cCrystal et la fourmi\u201d de la <a href=\"https:\/\/www.facebook.com\/compagnieducampus\">Compagnie du Campus<\/a>&nbsp;<\/li>\n\n\n\n<li>Ateliers <a href=\"https:\/\/www.facebook.com\/profile.php?id=100054409002759\">Avanti&nbsp;Asbl<\/a><\/li>\n<\/ul>\n\n\n\n<p class=\"has-luminous-vivid-orange-color has-text-color has-link-color has-medium-font-size wp-elements-4e6ee3f7cba1447d116ff56a34ce97da\"><strong>Mardi 19 mai &#8211; Op\u00e9ration Eau-Propre<\/strong> <\/p>\n\n\n\n<p>\ud83d\udccd&nbsp;Site des Zabattoirs<br>Action citoyenne par <a href=\"https:\/\/www.facebook.com\/ecporteouest?locale=fr_FR\">Espace Citoyen Porte Ouest<\/a><\/p>\n\n\n\n<ul class=\"wp-block-list\">\n<li>9h \u00e0 10h : petit d\u00e9jeuner<\/li>\n\n\n\n<li>10h \u00e0 12h : Op\u00e9ration nettoyage<\/li>\n<\/ul>\n\n\n\n<p class=\"has-luminous-vivid-orange-color has-text-color has-link-color has-medium-font-size wp-elements-2d64553708438d10a64f6338a24be789\"><strong>Jeudi 21 mai \u2013 Rencontre &amp; d\u00e9bat<\/strong><\/p>\n\n\n\n<p class=\"has-black-color has-text-color has-link-color has-medium-font-size wp-elements-5c345b02407bbc396d93d369d4cbcb85\"><br><em>par <a href=\"https:\/\/www.facebook.com\/maisonurbanismehainaut?locale=fr_FR\">la maison de l&rsquo;Urbanisme du Hainaut<\/a><\/em><\/p>\n\n\n\n<p>\ud83d\udccd&nbsp;A l\u2019Acad\u00e9mie de Musique Andr\u00e9 Souris de Marchienne au Pont&nbsp;<\/p>\n\n\n\n<ul class=\"wp-block-list\">\n<li>17h30 : Rencontre avec les acteurs du Chemin de l\u2019Eau d\u2019Heure\u00a0<\/li>\n\n\n\n<li>18h30 : \ud83c\udfb6 Animations musicales par l&rsquo;Acad\u00e9mie \ud83c\udfb6<\/li>\n<\/ul>\n\n\n\n<p class=\"has-luminous-vivid-orange-color has-text-color has-link-color has-medium-font-size wp-elements-3f9fd4966ed270bfe25c29aefc0ac36b\"><strong><a href=\"https:\/\/www.facebook.com\/aca.marchienne?locale=fr_FR\">22 &amp; 23 mai : Portes Ouvertes \u00e0 l&rsquo;Acad\u00e9mie Andr\u00e9 Souris de Marchienne<\/a><\/strong><\/p>\n\n\n\n<p class=\"has-luminous-vivid-orange-color has-text-color has-link-color has-medium-font-size wp-elements-4b1756ef8cf38bf69125b89afab37032\"><strong>23 &amp; 24 mai &#8211;<\/strong> <strong>WEEK-END CONVIVIAL de <a href=\"https:\/\/www.facebook.com\/coopecosupermarche?locale=fr_FR\">Coopeco<\/a> <\/strong><\/p>\n\n\n\n<p>\ud83d\udccd&nbsp;Site des Zabattoirs<\/p>\n\n\n\n<p class=\"has-black-color has-text-color has-link-color wp-elements-18c5b4d8ac3f041163d16f78c8921526\"><strong>Samedi 23 mai&nbsp;<\/strong><\/p>\n\n\n\n<ul class=\"wp-block-list\">\n<li>9h : Ouverture du magasin &amp; nettoyage du site&nbsp;et des alentours<\/li>\n\n\n\n<li>11h :&nbsp;<strong>Concours de p\u00e2tisseries<\/strong><\/li>\n\n\n\n<li>14h \u2192 18h :&nbsp;Repair-caf\u00e9, stands, jeux, bourse aux livres&nbsp;<\/li>\n<\/ul>\n\n\n\n<p class=\"has-black-color has-text-color has-link-color wp-elements-876ad74b1665d452e8d171e467757f36\"><strong>Dimanche 24 mai<\/strong><\/p>\n\n\n\n<ul class=\"wp-block-list\">\n<li>12h : Auberge espagnole&nbsp;<\/li>\n\n\n\n<li>16h : \ud83c\udfb6 Concert \/ karaok\u00e9&nbsp;avec \u00ab\u00a0Et pourquoi pas\u00a0\u00bb et la chorale \u00ab&nbsp;Si on chantait&nbsp;\u00bb \ud83c\udfb6<\/li>\n<\/ul>\n<\/div>\n\n\n\n<div class=\"wp-block-column is-layout-flow wp-block-column-is-layout-flow\">\n<p><strong>\ud83d\udca7<\/strong><strong>&nbsp;SEMAINE 3<\/strong><strong><\/strong><\/p>\n\n\n\n<p class=\"has-black-color has-text-color has-link-color wp-elements-bc129b0d991cc22cbd6d640f20baf701\"><em><em>A l&#8217;embouchure&#8230;<\/em><\/em><\/p>\n\n\n\n<p class=\"has-luminous-vivid-orange-color has-text-color has-link-color has-medium-font-size wp-elements-31203f0d77294fcdbcb082a8a81b72ce\"><strong>28 &amp; 29 mai \u2013 Spectacle d\u00e9ambulatoire<\/strong><\/p>\n\n\n\n<p>\u201cEau Rage ! Eau des Espoirs !\u201d<br>\ud83c\udfb6 En musique \ud83c\udfb6 + expositions Avanti<\/p>\n\n\n\n<p>par Collectif&nbsp;Citoyen Cr\u00e9a d\u2019\u00e2mes&nbsp;<\/p>\n\n\n\n<p class=\"has-luminous-vivid-orange-color has-text-color has-link-color has-medium-font-size wp-elements-e8369ee28040c1d00fa6b69f998176da\"><strong>SAMEDI 30 MAI \u2013 CL\u00d4TURE<\/strong><\/p>\n\n\n\n<p>\ud83d\udccd&nbsp;Site des Zabattoirs &amp; Jardin<\/p>\n\n\n\n<ul class=\"wp-block-list\">\n<li>10h : Ateliers, animations, jeux (chasse au tr\u00e9sor\u2026)&nbsp;<\/li>\n\n\n\n<li>11h : Balade \u00e0 v\u00e9lo&nbsp;<\/li>\n\n\n\n<li>12h : Visite du jardin + d\u00e9gustation &amp; BBQ&nbsp;<\/li>\n\n\n\n<li>March\u00e9 aux plantes et graines&nbsp;<\/li>\n\n\n\n<li>16h : \ud83c\udfb6 Concert Aquaphonique \/ Rep\u00e8r\u2019cussions \u2013&nbsp;Odimba&nbsp;\u2013 Article 27 \u2013 CPAS de Charleroi \u2013 Avanti \u2013 Espace jeunes&nbsp;\ud83c\udfb6<\/li>\n\n\n\n<li>17h : \ud83c\udfb6 Fanfare&nbsp;:&nbsp;<a href=\"https:\/\/www.facebook.com\/piccalilliproject\">Piccalilli Project<\/a> \ud83c\udfb6<\/li>\n\n\n\n<li>18h : Spectacle d\u00e9ambulatoire&nbsp;<\/li>\n\n\n\n<li>20h :&nbsp;BBQ &amp; bar &#8211; \ud83c\udfb6&nbsp;DJ Set <a href=\"https:\/\/www.facebook.com\/blondybrownie\/?locale=fr_FR\">Blondy Brownie<\/a> \ud83c\udfb6<\/li>\n<\/ul>\n<\/div>\n<\/div>\n\n\n\n<p>Deux expositions accompagnent le festival tout au long de ces trois semaines :&nbsp;<strong><em>\u00ab Le Chemin de l\u2019Eau d\u2019Heure \u00bb<\/em>&nbsp;et&nbsp;<em>\u00ab Lieux de vie, la nature et nous \u00bb<\/em><\/strong>&nbsp;(<a href=\"https:\/\/lechemindeleaudheure.be\/\">ASBL Le Chemin d\u2019un Village<\/a>), ainsi qu\u2019une <strong>exposition de mobilier urbain<\/strong> r\u00e9alis\u00e9e par les stagiaires d&rsquo;<a href=\"https:\/\/www.facebook.com\/profile.php?id=100054409002759\">AVANTI<\/a>.<\/p>\n\n\n\n<p class=\"has-small-font-size\"><em>Avec le soutien de<br>La ville de Charleroi&nbsp;&nbsp;\/ Charleroi m\u00e9tropole&nbsp;&nbsp;\/ Le CPAS de Charleroi \/ La province de Hainaut \/ La f\u00e9d\u00e9ration Wallonie-Bruxelles \/ La R\u00e9gion wallonne \/ L\u2019A\u00e9roport de Charleroi \/ La Maison de la Participation et des Associations \/ Contrat Rivi\u00e8re Sambre et Affluents \/ La maison de&nbsp;l\u2019Urbanisme \/ Vivacit\u00e9&nbsp;-RTBF<\/em><\/p>\n\n\n\n<p><\/p>\n","protected":false},"excerpt":{"rendered":"<p>Et si on suivait le fil de l\u2019eau pendant 3 semaines ? Un festival collectif \u00e0 Marchienne, au fil de l\u2019Eau d\u2019Heure, pour explorer ce qui nous relie :\ud83d\udca7&nbsp;l\u2019eau comme m\u00e9moire du territoire\ud83d\udca7&nbsp;l\u2019eau comme ressource vivante\ud83d\udca7&nbsp;l\u2019eau comme lien entre nous \ud83d\udcc5&nbsp;Du 8 au 30 mai 2026\ud83d\udccd&nbsp;Site des Zabattoirs &amp; lieux partenaires Pendant 3 semaines, le<\/p>\n","protected":false},"author":1,"featured_media":0,"parent":0,"menu_order":0,"comment_status":"closed","ping_status":"closed","template":"","meta":{"footnotes":""},"class_list":["post-301","page","type-page","status-publish","hentry"],"_links":{"self":[{"href":"https:\/\/maitallurgie.be\/2026\/wp-json\/wp\/v2\/pages\/301","targetHints":{"allow":["GET"]}}],"collection":[{"href":"https:\/\/maitallurgie.be\/2026\/wp-json\/wp\/v2\/pages"}],"about":[{"href":"https:\/\/maitallurgie.be\/2026\/wp-json\/wp\/v2\/types\/page"}],"author":[{"embeddable":true,"href":"https:\/\/maitallurgie.be\/2026\/wp-json\/wp\/v2\/users\/1"}],"replies":[{"embeddable":true,"href":"https:\/\/maitallurgie.be\/2026\/wp-json\/wp\/v2\/comments?post=301"}],"version-history":[{"count":11,"href":"https:\/\/maitallurgie.be\/2026\/wp-json\/wp\/v2\/pages\/301\/revisions"}],"predecessor-version":[{"id":338,"href":"https:\/\/maitallurgie.be\/2026\/wp-json\/wp\/v2\/pages\/301\/revisions\/338"}],"wp:attachment":[{"href":"https:\/\/maitallurgie.be\/2026\/wp-json\/wp\/v2\/media?parent=301"}],"curies":[{"name":"wp","href":"https:\/\/api.w.org\/{rel}","templated":true}]}}