{"id":2,"date":"2025-07-10T15:40:35","date_gmt":"2025-07-10T13:40:35","guid":{"rendered":"https:\/\/maitallurgie.be\/2026\/?page_id=2"},"modified":"2025-09-15T13:07:46","modified_gmt":"2025-09-15T11:07:46","slug":"a-propos-de-marchienne-babel","status":"publish","type":"page","link":"https:\/\/maitallurgie.be\/2026\/a-propos-de-marchienne-babel\/","title":{"rendered":"A propos"},"content":{"rendered":"\n<p><strong>Sous le brouillard industriel de Charleroi, une fourmili\u00e8re d\u2019habitants de toutes les couleurs et de tous les \u00e2ges travaille \u00e0 lui donner un nouveau visage tout en pr\u00e9servant son riche pass\u00e9.<\/strong><\/p>\n\n\n\n<figure class=\"wp-block-image\"><img decoding=\"async\" src=\"http:\/\/maitallurgie.be\/2022\/wp-content\/uploads\/2021\/10\/Marchienne-Babel5cm-278x300-1.jpg\" alt=\"\" class=\"wp-image-109\"\/><\/figure>\n\n\n\n<p>Partager avec d\u2019autres associations et des professionnels des Arts, un projet multiculturel et interg\u00e9n\u00e9rationnel ayant un th\u00e8me f\u00e9d\u00e9rateur et aussi de faciliter aux citoyens de toutes conditions l\u2019acc\u00e8s \u00e0 diverses formes de culture.<\/p>\n\n\n\n<details class=\"wp-block-details is-layout-flow wp-block-details-is-layout-flow\"><summary><\/summary>\n<figure class=\"wp-block-gallery has-nested-images columns-default is-cropped wp-block-gallery-1 is-layout-flex wp-block-gallery-is-layout-flex\">\n<figure class=\"wp-block-image size-large\"><img loading=\"lazy\" decoding=\"async\" width=\"600\" height=\"338\" data-id=\"114\" src=\"https:\/\/maitallurgie.be\/2026\/wp-content\/uploads\/2025\/09\/MarchienneBabel-1.jpg\" alt=\"\" class=\"wp-image-114\" srcset=\"https:\/\/maitallurgie.be\/2026\/wp-content\/uploads\/2025\/09\/MarchienneBabel-1.jpg 600w, https:\/\/maitallurgie.be\/2026\/wp-content\/uploads\/2025\/09\/MarchienneBabel-1-300x169.jpg 300w\" sizes=\"auto, (max-width: 600px) 100vw, 600px\" \/><\/figure>\n\n\n\n<figure class=\"wp-block-image size-large\"><img loading=\"lazy\" decoding=\"async\" width=\"600\" height=\"338\" data-id=\"113\" src=\"https:\/\/maitallurgie.be\/2026\/wp-content\/uploads\/2025\/09\/MarchienneBabel-2.jpg\" alt=\"\" class=\"wp-image-113\" srcset=\"https:\/\/maitallurgie.be\/2026\/wp-content\/uploads\/2025\/09\/MarchienneBabel-2.jpg 600w, https:\/\/maitallurgie.be\/2026\/wp-content\/uploads\/2025\/09\/MarchienneBabel-2-300x169.jpg 300w\" sizes=\"auto, (max-width: 600px) 100vw, 600px\" \/><\/figure>\n\n\n\n<figure class=\"wp-block-image size-large\"><img loading=\"lazy\" decoding=\"async\" width=\"600\" height=\"338\" data-id=\"115\" src=\"https:\/\/maitallurgie.be\/2026\/wp-content\/uploads\/2025\/09\/MarchienneBabel-3.jpg\" alt=\"\" class=\"wp-image-115\" srcset=\"https:\/\/maitallurgie.be\/2026\/wp-content\/uploads\/2025\/09\/MarchienneBabel-3.jpg 600w, https:\/\/maitallurgie.be\/2026\/wp-content\/uploads\/2025\/09\/MarchienneBabel-3-300x169.jpg 300w\" sizes=\"auto, (max-width: 600px) 100vw, 600px\" \/><\/figure>\n\n\n\n<figure class=\"wp-block-image size-large\"><img loading=\"lazy\" decoding=\"async\" width=\"600\" height=\"338\" data-id=\"116\" src=\"https:\/\/maitallurgie.be\/2026\/wp-content\/uploads\/2025\/09\/MarchienneBabel-4.jpg\" alt=\"\" class=\"wp-image-116\" srcset=\"https:\/\/maitallurgie.be\/2026\/wp-content\/uploads\/2025\/09\/MarchienneBabel-4.jpg 600w, https:\/\/maitallurgie.be\/2026\/wp-content\/uploads\/2025\/09\/MarchienneBabel-4-300x169.jpg 300w\" sizes=\"auto, (max-width: 600px) 100vw, 600px\" \/><\/figure>\n\n\n\n<figure class=\"wp-block-image size-large\"><img loading=\"lazy\" decoding=\"async\" width=\"600\" height=\"338\" data-id=\"117\" src=\"https:\/\/maitallurgie.be\/2026\/wp-content\/uploads\/2025\/09\/MarchienneBabel-5.jpg\" alt=\"\" class=\"wp-image-117\" srcset=\"https:\/\/maitallurgie.be\/2026\/wp-content\/uploads\/2025\/09\/MarchienneBabel-5.jpg 600w, https:\/\/maitallurgie.be\/2026\/wp-content\/uploads\/2025\/09\/MarchienneBabel-5-300x169.jpg 300w\" sizes=\"auto, (max-width: 600px) 100vw, 600px\" \/><\/figure>\n\n\n\n<figure class=\"wp-block-image size-large\"><img loading=\"lazy\" decoding=\"async\" width=\"600\" height=\"338\" data-id=\"121\" src=\"https:\/\/maitallurgie.be\/2026\/wp-content\/uploads\/2025\/09\/MarchienneBabel-6.jpg\" alt=\"\" class=\"wp-image-121\" srcset=\"https:\/\/maitallurgie.be\/2026\/wp-content\/uploads\/2025\/09\/MarchienneBabel-6.jpg 600w, https:\/\/maitallurgie.be\/2026\/wp-content\/uploads\/2025\/09\/MarchienneBabel-6-300x169.jpg 300w\" sizes=\"auto, (max-width: 600px) 100vw, 600px\" \/><\/figure>\n\n\n\n<figure class=\"wp-block-image size-large\"><img loading=\"lazy\" decoding=\"async\" width=\"600\" height=\"338\" data-id=\"124\" src=\"https:\/\/maitallurgie.be\/2026\/wp-content\/uploads\/2025\/09\/MarchienneBabel-7.jpg\" alt=\"\" class=\"wp-image-124\" srcset=\"https:\/\/maitallurgie.be\/2026\/wp-content\/uploads\/2025\/09\/MarchienneBabel-7.jpg 600w, https:\/\/maitallurgie.be\/2026\/wp-content\/uploads\/2025\/09\/MarchienneBabel-7-300x169.jpg 300w\" sizes=\"auto, (max-width: 600px) 100vw, 600px\" \/><\/figure>\n\n\n\n<figure class=\"wp-block-image size-large\"><img loading=\"lazy\" decoding=\"async\" width=\"600\" height=\"338\" data-id=\"118\" src=\"https:\/\/maitallurgie.be\/2026\/wp-content\/uploads\/2025\/09\/MarchienneBabel-8.jpg\" alt=\"\" class=\"wp-image-118\" srcset=\"https:\/\/maitallurgie.be\/2026\/wp-content\/uploads\/2025\/09\/MarchienneBabel-8.jpg 600w, https:\/\/maitallurgie.be\/2026\/wp-content\/uploads\/2025\/09\/MarchienneBabel-8-300x169.jpg 300w\" sizes=\"auto, (max-width: 600px) 100vw, 600px\" \/><\/figure>\n\n\n\n<figure class=\"wp-block-image size-large\"><img loading=\"lazy\" decoding=\"async\" width=\"600\" height=\"338\" data-id=\"120\" src=\"https:\/\/maitallurgie.be\/2026\/wp-content\/uploads\/2025\/09\/MarchienneBabel-9.jpg\" alt=\"\" class=\"wp-image-120\" srcset=\"https:\/\/maitallurgie.be\/2026\/wp-content\/uploads\/2025\/09\/MarchienneBabel-9.jpg 600w, https:\/\/maitallurgie.be\/2026\/wp-content\/uploads\/2025\/09\/MarchienneBabel-9-300x169.jpg 300w\" sizes=\"auto, (max-width: 600px) 100vw, 600px\" \/><\/figure>\n\n\n\n<figure class=\"wp-block-image size-large\"><img loading=\"lazy\" decoding=\"async\" width=\"600\" height=\"338\" data-id=\"119\" src=\"https:\/\/maitallurgie.be\/2026\/wp-content\/uploads\/2025\/09\/MarchienneBabel-10.jpg\" alt=\"\" class=\"wp-image-119\" srcset=\"https:\/\/maitallurgie.be\/2026\/wp-content\/uploads\/2025\/09\/MarchienneBabel-10.jpg 600w, https:\/\/maitallurgie.be\/2026\/wp-content\/uploads\/2025\/09\/MarchienneBabel-10-300x169.jpg 300w\" sizes=\"auto, (max-width: 600px) 100vw, 600px\" \/><\/figure>\n\n\n\n<figure class=\"wp-block-image size-large\"><img loading=\"lazy\" decoding=\"async\" width=\"600\" height=\"338\" data-id=\"126\" src=\"https:\/\/maitallurgie.be\/2026\/wp-content\/uploads\/2025\/09\/MarchienneBabel-11.jpg\" alt=\"\" class=\"wp-image-126\" srcset=\"https:\/\/maitallurgie.be\/2026\/wp-content\/uploads\/2025\/09\/MarchienneBabel-11.jpg 600w, https:\/\/maitallurgie.be\/2026\/wp-content\/uploads\/2025\/09\/MarchienneBabel-11-300x169.jpg 300w\" sizes=\"auto, (max-width: 600px) 100vw, 600px\" \/><\/figure>\n\n\n\n<figure class=\"wp-block-image size-large\"><img loading=\"lazy\" decoding=\"async\" width=\"600\" height=\"338\" data-id=\"128\" src=\"https:\/\/maitallurgie.be\/2026\/wp-content\/uploads\/2025\/09\/MarchienneBabel-12.jpg\" alt=\"\" class=\"wp-image-128\" srcset=\"https:\/\/maitallurgie.be\/2026\/wp-content\/uploads\/2025\/09\/MarchienneBabel-12.jpg 600w, https:\/\/maitallurgie.be\/2026\/wp-content\/uploads\/2025\/09\/MarchienneBabel-12-300x169.jpg 300w\" sizes=\"auto, (max-width: 600px) 100vw, 600px\" \/><\/figure>\n\n\n\n<figure class=\"wp-block-image size-large\"><img loading=\"lazy\" decoding=\"async\" width=\"600\" height=\"338\" data-id=\"122\" src=\"https:\/\/maitallurgie.be\/2026\/wp-content\/uploads\/2025\/09\/MarchienneBabel-13.jpg\" alt=\"\" class=\"wp-image-122\" srcset=\"https:\/\/maitallurgie.be\/2026\/wp-content\/uploads\/2025\/09\/MarchienneBabel-13.jpg 600w, https:\/\/maitallurgie.be\/2026\/wp-content\/uploads\/2025\/09\/MarchienneBabel-13-300x169.jpg 300w\" sizes=\"auto, (max-width: 600px) 100vw, 600px\" \/><\/figure>\n\n\n\n<figure class=\"wp-block-image size-large\"><img loading=\"lazy\" decoding=\"async\" width=\"600\" height=\"338\" data-id=\"129\" src=\"https:\/\/maitallurgie.be\/2026\/wp-content\/uploads\/2025\/09\/MarchienneBabel-14.jpg\" alt=\"\" class=\"wp-image-129\" srcset=\"https:\/\/maitallurgie.be\/2026\/wp-content\/uploads\/2025\/09\/MarchienneBabel-14.jpg 600w, https:\/\/maitallurgie.be\/2026\/wp-content\/uploads\/2025\/09\/MarchienneBabel-14-300x169.jpg 300w\" sizes=\"auto, (max-width: 600px) 100vw, 600px\" \/><\/figure>\n\n\n\n<figure class=\"wp-block-image size-large\"><img loading=\"lazy\" decoding=\"async\" width=\"600\" height=\"338\" data-id=\"127\" src=\"https:\/\/maitallurgie.be\/2026\/wp-content\/uploads\/2025\/09\/MarchienneBabel-15.jpg\" alt=\"\" class=\"wp-image-127\" srcset=\"https:\/\/maitallurgie.be\/2026\/wp-content\/uploads\/2025\/09\/MarchienneBabel-15.jpg 600w, https:\/\/maitallurgie.be\/2026\/wp-content\/uploads\/2025\/09\/MarchienneBabel-15-300x169.jpg 300w\" sizes=\"auto, (max-width: 600px) 100vw, 600px\" \/><\/figure>\n\n\n\n<figure class=\"wp-block-image size-large\"><img loading=\"lazy\" decoding=\"async\" width=\"600\" height=\"338\" data-id=\"130\" src=\"https:\/\/maitallurgie.be\/2026\/wp-content\/uploads\/2025\/09\/MarchienneBabel-16.jpg\" alt=\"\" class=\"wp-image-130\" srcset=\"https:\/\/maitallurgie.be\/2026\/wp-content\/uploads\/2025\/09\/MarchienneBabel-16.jpg 600w, https:\/\/maitallurgie.be\/2026\/wp-content\/uploads\/2025\/09\/MarchienneBabel-16-300x169.jpg 300w\" sizes=\"auto, (max-width: 600px) 100vw, 600px\" \/><\/figure>\n\n\n\n<figure class=\"wp-block-image size-large\"><img loading=\"lazy\" decoding=\"async\" width=\"600\" height=\"338\" data-id=\"131\" src=\"https:\/\/maitallurgie.be\/2026\/wp-content\/uploads\/2025\/09\/MarchienneBabel-17.jpg\" alt=\"\" class=\"wp-image-131\" srcset=\"https:\/\/maitallurgie.be\/2026\/wp-content\/uploads\/2025\/09\/MarchienneBabel-17.jpg 600w, https:\/\/maitallurgie.be\/2026\/wp-content\/uploads\/2025\/09\/MarchienneBabel-17-300x169.jpg 300w\" sizes=\"auto, (max-width: 600px) 100vw, 600px\" \/><\/figure>\n\n\n\n<figure class=\"wp-block-image size-large\"><img loading=\"lazy\" decoding=\"async\" width=\"600\" height=\"338\" data-id=\"125\" src=\"https:\/\/maitallurgie.be\/2026\/wp-content\/uploads\/2025\/09\/MarchienneBabel-18.jpg\" alt=\"\" class=\"wp-image-125\" srcset=\"https:\/\/maitallurgie.be\/2026\/wp-content\/uploads\/2025\/09\/MarchienneBabel-18.jpg 600w, https:\/\/maitallurgie.be\/2026\/wp-content\/uploads\/2025\/09\/MarchienneBabel-18-300x169.jpg 300w\" sizes=\"auto, (max-width: 600px) 100vw, 600px\" \/><\/figure>\n\n\n\n<figure class=\"wp-block-image size-large\"><img loading=\"lazy\" decoding=\"async\" width=\"600\" height=\"338\" data-id=\"132\" src=\"https:\/\/maitallurgie.be\/2026\/wp-content\/uploads\/2025\/09\/MarchienneBabel-19.jpg\" alt=\"\" class=\"wp-image-132\" srcset=\"https:\/\/maitallurgie.be\/2026\/wp-content\/uploads\/2025\/09\/MarchienneBabel-19.jpg 600w, https:\/\/maitallurgie.be\/2026\/wp-content\/uploads\/2025\/09\/MarchienneBabel-19-300x169.jpg 300w\" sizes=\"auto, (max-width: 600px) 100vw, 600px\" \/><\/figure>\n\n\n\n<figure class=\"wp-block-image size-large\"><img loading=\"lazy\" decoding=\"async\" width=\"600\" height=\"338\" data-id=\"123\" src=\"https:\/\/maitallurgie.be\/2026\/wp-content\/uploads\/2025\/09\/MarchienneBabel-20.jpg\" alt=\"\" class=\"wp-image-123\" srcset=\"https:\/\/maitallurgie.be\/2026\/wp-content\/uploads\/2025\/09\/MarchienneBabel-20.jpg 600w, https:\/\/maitallurgie.be\/2026\/wp-content\/uploads\/2025\/09\/MarchienneBabel-20-300x169.jpg 300w\" sizes=\"auto, (max-width: 600px) 100vw, 600px\" \/><\/figure>\n<\/figure>\n<\/details>\n","protected":false},"excerpt":{"rendered":"<p>Sous le brouillard industriel de Charleroi, une fourmili\u00e8re d\u2019habitants de toutes les couleurs et de tous les \u00e2ges travaille \u00e0 lui donner un nouveau visage tout en pr\u00e9servant son riche pass\u00e9. Partager avec d\u2019autres associations et des professionnels des Arts, un projet multiculturel et interg\u00e9n\u00e9rationnel ayant un th\u00e8me f\u00e9d\u00e9rateur et aussi de faciliter aux citoyens<\/p>\n","protected":false},"author":1,"featured_media":0,"parent":0,"menu_order":0,"comment_status":"closed","ping_status":"closed","template":"","meta":{"footnotes":""},"class_list":["post-2","page","type-page","status-publish","hentry"],"_links":{"self":[{"href":"https:\/\/maitallurgie.be\/2026\/wp-json\/wp\/v2\/pages\/2","targetHints":{"allow":["GET"]}}],"collection":[{"href":"https:\/\/maitallurgie.be\/2026\/wp-json\/wp\/v2\/pages"}],"about":[{"href":"https:\/\/maitallurgie.be\/2026\/wp-json\/wp\/v2\/types\/page"}],"author":[{"embeddable":true,"href":"https:\/\/maitallurgie.be\/2026\/wp-json\/wp\/v2\/users\/1"}],"replies":[{"embeddable":true,"href":"https:\/\/maitallurgie.be\/2026\/wp-json\/wp\/v2\/comments?post=2"}],"version-history":[{"count":6,"href":"https:\/\/maitallurgie.be\/2026\/wp-json\/wp\/v2\/pages\/2\/revisions"}],"predecessor-version":[{"id":135,"href":"https:\/\/maitallurgie.be\/2026\/wp-json\/wp\/v2\/pages\/2\/revisions\/135"}],"wp:attachment":[{"href":"https:\/\/maitallurgie.be\/2026\/wp-json\/wp\/v2\/media?parent=2"}],"curies":[{"name":"wp","href":"https:\/\/api.w.org\/{rel}","templated":true}]}}