{"id":195,"date":"2026-03-16T10:03:01","date_gmt":"2026-03-16T09:03:01","guid":{"rendered":"https:\/\/maitallurgie.be\/2026\/?page_id=195"},"modified":"2026-03-20T12:56:54","modified_gmt":"2026-03-20T11:56:54","slug":"soutenir-le-projet-maitallurgie","status":"publish","type":"page","link":"https:\/\/maitallurgie.be\/2026\/soutenir-le-projet-maitallurgie\/","title":{"rendered":"Soutenir"},"content":{"rendered":"\n<p><strong>LE FESTIVAL&nbsp;MAI\u2019tallurgie&nbsp;c\u2019est une montagne d\u2019\u00e9nergies<\/strong>&nbsp;<strong>citoyennes<\/strong>&nbsp;qui se sont rassembl\u00e9es autour d\u2019un bout de ville, Marchienne. C\u2019est aussi un cri, celui d\u2019habitants qui veulent se r\u00e9approprier leur quartier, leur patrimoine marqu\u00e9 par un si&nbsp;<strong>long pass\u00e9 industriel<\/strong>&nbsp;aujourd\u2019hui menac\u00e9, et affirmer la fiert\u00e9 de leurs racines, aux saveurs si m\u00e9lang\u00e9es.&nbsp;<\/p>\n\n\n\n<p><strong>Ici, c&rsquo;est l&rsquo;artistique<\/strong>&nbsp;<strong>qui se met au service de la parole citoyenne,<\/strong>&nbsp;sous toutes ses formes : th\u00e9\u00e2tre, \u00e9criture, arts graphiques et plastiques, danse, chant\u2026 En abordant leur lieu de vie \u00e0 travers une d\u00e9marche cr\u00e9ative, ces habitants invitent \u00e0 porter un regard neuf et enthousiaste sur leur environnement souvent morne et aust\u00e8re et \u00e0 entrevoir des nouvelles perspectives.&nbsp;&nbsp;<\/p>\n\n\n\n<p>D\u2019ailleurs, le groupe n\u2019a pas h\u00e9sit\u00e9 \u00e0 s\u2019emparer&nbsp;<strong>d\u2019un ancien abattoir<\/strong>&nbsp;pour le transformer en nouveau p\u00f4le culturel de la R\u00e9gion init, initiative un peu folle n\u00e9e de ces bouillonnants marchiennois.&nbsp;<\/p>\n\n\n\n<p>Depuis 2008,&nbsp;<strong>cette dynamique se traduit par l\u2019organisation d\u2019un festival (biennale)<\/strong>&nbsp;qui aborde pour chaque \u00e9dition un th\u00e8me particulier refl\u00e9tant les aspirations citoyennes.&nbsp;<\/p>\n\n\n\n<p>Il existe une grande diversit\u00e9 de pratiques culturelles et le festival vise \u00e0 cr\u00e9er \u00e9galement les conditions du dialogue interculturel pour partager ces diff\u00e9rences et pour identifier ce qui nous rassemble. Nous ne n\u00e9gligeons pas la pr\u00e9occupation majeure issue des r\u00e9flexions citoyennes qu&rsquo;est la mixit\u00e9. Elle touche \u00e0 de nombreux aspect de la vie : la sant\u00e9, l&rsquo;environnement, les moyens financiers, le commerce \u00e9quitable et le plaisir de bien manger.&nbsp;&nbsp;<\/p>\n\n\n\n<p>Depuis sa cr\u00e9ation, le festival&nbsp;MAI\u2019tallurgie&nbsp;a pu rassembler les marchiennois, \u00e0 travers diverses th\u00e9matiques telles&nbsp;que :&nbsp;<\/p>\n\n\n\n<p>2008 \u2013 L\u2019Art et le M\u00e9tal&nbsp;<\/p>\n\n\n\n<p>2010 \u2013 L\u2019Eau et les Ponts&nbsp;&nbsp;<\/p>\n\n\n\n<p>2012 \u2013 Mon quartier j\u2019y vis\u202f! j\u2019y reste\u202f!&nbsp;<\/p>\n\n\n\n<p>2014 \u2013 A Table\u202f\u00ab\u202fs\u202f\u00bb&nbsp;&nbsp;<\/p>\n\n\n\n<p>2016 \u2013 On s\u2019en friche pas\u202f!&nbsp;<\/p>\n\n\n\n<p>2018 \u2013 Des Places et Vous&nbsp;&nbsp;<\/p>\n\n\n\n<p>2020 \u2013 Mai de la Couleur (annul\u00e9 pour raison de Covid)&nbsp;<\/p>\n\n\n\n<p>2022&nbsp;\u2013 Mai demain\u202f?&nbsp;<\/p>\n\n\n\n<p>2024 \u2013 La fabrique de faire&nbsp;&nbsp;<\/p>\n\n\n\n<p>2026 \u2013 Allo\u202f! A l\u2019eau\u202f! Quelles nouvelles&nbsp;<\/p>\n\n\n\n<p>En travaillant&nbsp;<strong>au sein m\u00eame des quartiers<\/strong>, c\u2019est donner l&rsquo;occasion \u00e0 des personnes enferm\u00e9es dans leur quotidien (surtout depuis la crise sanitaire du covid 19), de se rencontrer et d\u2019\u00e9changer entre voisins ou habitants du m\u00eame lieu.&nbsp;<\/p>\n\n\n\n<p><strong>Le projet de 2026<\/strong>&nbsp;vise \u00e0 mobiliser les citoyens autour de ce&nbsp;<strong>petit coin bucolique et l&#8217;embellissement des&nbsp;rives de l\u2019Eau d&rsquo;Heure&nbsp;<\/strong>par le nettoyage et l&rsquo;am\u00e9nagement du site et alentour, l&rsquo;installation d\u2019\u0153uvres artistiques et de mobilier urbain cr\u00e9\u00e9 dans les ateliers, la d\u00e9couverte de la promenade \u201cLe chemin de l\u2019eau d\u2019Heure\u201d la sensibilisation aux probl\u00e8mes de pollution de la rivi\u00e8re.&nbsp;<\/p>\n\n\n\n<p>Les soutiens financiers peuvent \u00eatre vers\u00e9s sur le compte suivant :<\/p>\n\n\n\n<p>BE03 1262 0481 6984 au nom de Marchienne Babel ASBL<\/p>\n\n\n\n<p>Communication : Nom du partenaire \u2013 Festival MAI\u2019tallurgie 2026<\/p>\n\n\n\n<figure class=\"wp-block-image size-large\"><img loading=\"lazy\" decoding=\"async\" width=\"1024\" height=\"697\" src=\"https:\/\/maitallurgie.be\/2026\/wp-content\/uploads\/2026\/03\/logo-sponso-1024x697.png\" alt=\"\" class=\"wp-image-209\" srcset=\"https:\/\/maitallurgie.be\/2026\/wp-content\/uploads\/2026\/03\/logo-sponso-1024x697.png 1024w, https:\/\/maitallurgie.be\/2026\/wp-content\/uploads\/2026\/03\/logo-sponso-300x204.png 300w, https:\/\/maitallurgie.be\/2026\/wp-content\/uploads\/2026\/03\/logo-sponso-768x523.png 768w, https:\/\/maitallurgie.be\/2026\/wp-content\/uploads\/2026\/03\/logo-sponso-1536x1045.png 1536w, https:\/\/maitallurgie.be\/2026\/wp-content\/uploads\/2026\/03\/logo-sponso-2048x1394.png 2048w\" sizes=\"auto, (max-width: 1024px) 100vw, 1024px\" \/><\/figure>\n","protected":false},"excerpt":{"rendered":"<p>LE FESTIVAL&nbsp;MAI\u2019tallurgie&nbsp;c\u2019est une montagne d\u2019\u00e9nergies&nbsp;citoyennes&nbsp;qui se sont rassembl\u00e9es autour d\u2019un bout de ville, Marchienne. C\u2019est aussi un cri, celui d\u2019habitants qui veulent se r\u00e9approprier leur quartier, leur patrimoine marqu\u00e9 par un si&nbsp;long pass\u00e9 industriel&nbsp;aujourd\u2019hui menac\u00e9, et affirmer la fiert\u00e9 de leurs racines, aux saveurs si m\u00e9lang\u00e9es.&nbsp; Ici, c&rsquo;est l&rsquo;artistique&nbsp;qui se met au service de la<\/p>\n","protected":false},"author":1,"featured_media":0,"parent":0,"menu_order":0,"comment_status":"closed","ping_status":"closed","template":"","meta":{"footnotes":""},"class_list":["post-195","page","type-page","status-publish","hentry"],"_links":{"self":[{"href":"https:\/\/maitallurgie.be\/2026\/wp-json\/wp\/v2\/pages\/195","targetHints":{"allow":["GET"]}}],"collection":[{"href":"https:\/\/maitallurgie.be\/2026\/wp-json\/wp\/v2\/pages"}],"about":[{"href":"https:\/\/maitallurgie.be\/2026\/wp-json\/wp\/v2\/types\/page"}],"author":[{"embeddable":true,"href":"https:\/\/maitallurgie.be\/2026\/wp-json\/wp\/v2\/users\/1"}],"replies":[{"embeddable":true,"href":"https:\/\/maitallurgie.be\/2026\/wp-json\/wp\/v2\/comments?post=195"}],"version-history":[{"count":6,"href":"https:\/\/maitallurgie.be\/2026\/wp-json\/wp\/v2\/pages\/195\/revisions"}],"predecessor-version":[{"id":215,"href":"https:\/\/maitallurgie.be\/2026\/wp-json\/wp\/v2\/pages\/195\/revisions\/215"}],"wp:attachment":[{"href":"https:\/\/maitallurgie.be\/2026\/wp-json\/wp\/v2\/media?parent=195"}],"curies":[{"name":"wp","href":"https:\/\/api.w.org\/{rel}","templated":true}]}}