{"id":69,"date":"2016-03-09T13:22:17","date_gmt":"2016-03-09T12:22:17","guid":{"rendered":"http:\/\/maitallurgie.be\/?page_id=69"},"modified":"2016-03-11T14:50:33","modified_gmt":"2016-03-11T13:50:33","slug":"sons-bruts","status":"publish","type":"page","link":"https:\/\/maitallurgie.be\/2016\/sons-bruts\/","title":{"rendered":"Sons bruts"},"content":{"rendered":"<p><img loading=\"lazy\" decoding=\"async\" class=\"size-medium wp-image-146 alignleft\" src=\"http:\/\/maitallurgie.be\/wp-content\/uploads\/2016\/03\/capture-d\u00e9cran-du-montage-son-300x169.jpg\" alt=\"capture d'\u00e9cran du montage son\" width=\"300\" height=\"169\" srcset=\"https:\/\/maitallurgie.be\/2016\/wp-content\/uploads\/2016\/03\/capture-d\u00e9cran-du-montage-son-300x169.jpg 300w, https:\/\/maitallurgie.be\/2016\/wp-content\/uploads\/2016\/03\/capture-d\u00e9cran-du-montage-son-768x434.jpg 768w, https:\/\/maitallurgie.be\/2016\/wp-content\/uploads\/2016\/03\/capture-d\u00e9cran-du-montage-son-1024x578.jpg 1024w, https:\/\/maitallurgie.be\/2016\/wp-content\/uploads\/2016\/03\/capture-d\u00e9cran-du-montage-son.jpg 1920w\" sizes=\"auto, (max-width: 300px) 85vw, 300px\" \/><\/p>\n<p>Nous avons r\u00e9colt\u00e9 tout au long de l&rsquo;ann\u00e9e des t\u00e9moignages d&rsquo;habitants de Marchienne. Une partie de cette r\u00e9colte alimentera la bande-son du spectacle son&amp;lumi\u00e8re, mais tous les rushes sont \u00e0 votre disposition sur simple demande.<\/p>\n<p>Si vous le souhaitez, contactez Catherine \u00e0 l\u2019adresse : catherine.thirion[AT]gsara.be. Elle se fera un plaisir de vous envoyer personnellement ces sons sous forme d\u2019un MP3.<\/p>\n<p>Vos \u0153uvres, que vous nous renverrez avant le mois de mai, seront diffus\u00e9es ou expos\u00e9es sur nos diff\u00e9rentes pages en ligne. Et si c\u2019est sonore, on diffusera sur<a href=\"http:\/\/maitallurgie.be\/?page_id=43\"> Radio Mai\u2019tallurgie<\/a> la semaine du Festival.<\/p>\n<p>N\u2019ayant que peu de moyens \u00e0 notre disposition, on ne pourra malheureusement vous offrir que notre \u00e9ternelle gratitude !<\/p>\n<p>En tout cas, on se retrouve du 20 au 29 mai, pour le festival Mai\u2019tallurgie !<\/p>\n<p>Voici un extrait\u00a0:<\/p>\n<audio class=\"wp-audio-shortcode\" id=\"audio-69-1\" preload=\"none\" style=\"width: 100%;\" controls=\"controls\"><source type=\"audio\/mpeg\" src=\"http:\/\/gsara.tv\/charleroi\/wp-content\/uploads\/2016\/02\/Tous-les-t%C3%A9moignages-r%C3%A9unis.mp3?_=1\" \/><a href=\"http:\/\/gsara.tv\/charleroi\/wp-content\/uploads\/2016\/02\/Tous-les-t%C3%A9moignages-r%C3%A9unis.mp3\">http:\/\/gsara.tv\/charleroi\/wp-content\/uploads\/2016\/02\/Tous-les-t%C3%A9moignages-r%C3%A9unis.mp3<\/a><\/audio>\n","protected":false},"excerpt":{"rendered":"<p>Nous avons r\u00e9colt\u00e9 tout au long de l&rsquo;ann\u00e9e des t\u00e9moignages d&rsquo;habitants de Marchienne. Une partie de cette r\u00e9colte alimentera la bande-son du spectacle son&amp;lumi\u00e8re, mais tous les rushes sont \u00e0 votre disposition sur simple demande. Si vous le souhaitez, contactez Catherine \u00e0 l\u2019adresse : catherine.thirion[AT]gsara.be. Elle se fera un plaisir de vous envoyer personnellement ces &hellip; <a href=\"https:\/\/maitallurgie.be\/2016\/sons-bruts\/\" class=\"more-link\">Continuer la lecture<span class=\"screen-reader-text\"> de &laquo;&nbsp;Sons bruts&nbsp;&raquo;<\/span><\/a><\/p>\n","protected":false},"author":1,"featured_media":0,"parent":0,"menu_order":0,"comment_status":"closed","ping_status":"closed","template":"","meta":{"footnotes":""},"class_list":["post-69","page","type-page","status-publish","hentry"],"_links":{"self":[{"href":"https:\/\/maitallurgie.be\/2016\/wp-json\/wp\/v2\/pages\/69","targetHints":{"allow":["GET"]}}],"collection":[{"href":"https:\/\/maitallurgie.be\/2016\/wp-json\/wp\/v2\/pages"}],"about":[{"href":"https:\/\/maitallurgie.be\/2016\/wp-json\/wp\/v2\/types\/page"}],"author":[{"embeddable":true,"href":"https:\/\/maitallurgie.be\/2016\/wp-json\/wp\/v2\/users\/1"}],"replies":[{"embeddable":true,"href":"https:\/\/maitallurgie.be\/2016\/wp-json\/wp\/v2\/comments?post=69"}],"version-history":[{"count":4,"href":"https:\/\/maitallurgie.be\/2016\/wp-json\/wp\/v2\/pages\/69\/revisions"}],"predecessor-version":[{"id":323,"href":"https:\/\/maitallurgie.be\/2016\/wp-json\/wp\/v2\/pages\/69\/revisions\/323"}],"wp:attachment":[{"href":"https:\/\/maitallurgie.be\/2016\/wp-json\/wp\/v2\/media?parent=69"}],"curies":[{"name":"wp","href":"https:\/\/api.w.org\/{rel}","templated":true}]}}