{"id":67,"date":"2016-03-09T13:20:27","date_gmt":"2016-03-09T12:20:27","guid":{"rendered":"http:\/\/maitallurgie.be\/?page_id=67"},"modified":"2018-01-15T13:26:41","modified_gmt":"2018-01-15T12:26:41","slug":"grille-programme","status":"publish","type":"page","link":"https:\/\/maitallurgie.be\/2016\/grille-programme\/","title":{"rendered":"En direct \/Grille programme"},"content":{"rendered":"<p>Vous avez \u00e9cout\u00e9 \u00ab\u00a0Radio -Maitallurgie\u00a0\u00bb en direct du Rockerill du lundi 23 au vendredi 27 de 13h \u00e0 16h sur <a href=\"http:\/\/radio.gsara.be:8000\/charleroi\" target=\"_blank\" rel=\"noopener\">http:\/\/radio.gsara.be:8000\/charleroi<\/a><\/p>\n<h4>Retrouvez 4 des 5 \u00e9missions en direct et en entiert\u00e9 dans cette page. ( en effet, quelques soucis techniques nous ont emp\u00each\u00e9s d&rsquo;enregistrer le flux du lundi )<\/h4>\n<h4><img loading=\"lazy\" decoding=\"async\" class=\"aligncenter wp-image-1270 size-large\" src=\"http:\/\/maitallurgie.be\/2016\/wp-content\/uploads\/2016\/03\/13305216_1803547253211308_167323046246680297_o-2000x1333.jpg\" alt=\"13305216_1803547253211308_167323046246680297_o\" width=\"750\" height=\"500\" srcset=\"https:\/\/maitallurgie.be\/2016\/wp-content\/uploads\/2016\/03\/13305216_1803547253211308_167323046246680297_o-2000x1333.jpg 2000w, https:\/\/maitallurgie.be\/2016\/wp-content\/uploads\/2016\/03\/13305216_1803547253211308_167323046246680297_o-300x200.jpg 300w, https:\/\/maitallurgie.be\/2016\/wp-content\/uploads\/2016\/03\/13305216_1803547253211308_167323046246680297_o.jpg 2048w\" sizes=\"auto, (max-width: 750px) 85vw, 750px\" \/><\/h4>\n<h4>Mardi 24:<\/h4>\n<audio class=\"wp-audio-shortcode\" id=\"audio-67-1\" preload=\"none\" style=\"width: 100%;\" controls=\"controls\"><source type=\"audio\/ogg\" src=\"http:\/\/maitallurgie.be\/2016\/wp-content\/uploads\/2016\/06\/MARDI.ogg?_=1\" \/><a href=\"http:\/\/maitallurgie.be\/2016\/wp-content\/uploads\/2016\/06\/MARDI.ogg\">http:\/\/maitallurgie.be\/2016\/wp-content\/uploads\/2016\/06\/MARDI.ogg<\/a><\/audio>\n<h4>Mercredi 25:<\/h4>\n<audio class=\"wp-audio-shortcode\" id=\"audio-67-2\" preload=\"none\" style=\"width: 100%;\" controls=\"controls\"><source type=\"audio\/ogg\" src=\"http:\/\/maitallurgie.be\/2016\/wp-content\/uploads\/2016\/06\/mercredi1.ogg?_=2\" \/><a href=\"http:\/\/maitallurgie.be\/2016\/wp-content\/uploads\/2016\/06\/mercredi1.ogg\">http:\/\/maitallurgie.be\/2016\/wp-content\/uploads\/2016\/06\/mercredi1.ogg<\/a><\/audio>\n<p>&nbsp;<\/p>\n<audio class=\"wp-audio-shortcode\" id=\"audio-67-3\" preload=\"none\" style=\"width: 100%;\" controls=\"controls\"><source type=\"audio\/ogg\" src=\"http:\/\/maitallurgie.be\/2016\/wp-content\/uploads\/2016\/06\/mercredi2.ogg?_=3\" \/><a href=\"http:\/\/maitallurgie.be\/2016\/wp-content\/uploads\/2016\/06\/mercredi2.ogg\">http:\/\/maitallurgie.be\/2016\/wp-content\/uploads\/2016\/06\/mercredi2.ogg<\/a><\/audio>\n<p>&nbsp;<\/p>\n<audio class=\"wp-audio-shortcode\" id=\"audio-67-4\" preload=\"none\" style=\"width: 100%;\" controls=\"controls\"><source type=\"audio\/ogg\" src=\"http:\/\/maitallurgie.be\/2016\/wp-content\/uploads\/2016\/06\/mercredi3.ogg?_=4\" \/><a href=\"http:\/\/maitallurgie.be\/2016\/wp-content\/uploads\/2016\/06\/mercredi3.ogg\">http:\/\/maitallurgie.be\/2016\/wp-content\/uploads\/2016\/06\/mercredi3.ogg<\/a><\/audio>\n<h4>Jeudi 26:<\/h4>\n<audio class=\"wp-audio-shortcode\" id=\"audio-67-5\" preload=\"none\" style=\"width: 100%;\" controls=\"controls\"><source type=\"audio\/ogg\" src=\"http:\/\/maitallurgie.be\/2016\/wp-content\/uploads\/2016\/06\/jeudi1.ogg?_=5\" \/><a href=\"http:\/\/maitallurgie.be\/2016\/wp-content\/uploads\/2016\/06\/jeudi1.ogg\">http:\/\/maitallurgie.be\/2016\/wp-content\/uploads\/2016\/06\/jeudi1.ogg<\/a><\/audio>\n<p>&nbsp;<\/p>\n<audio class=\"wp-audio-shortcode\" id=\"audio-67-6\" preload=\"none\" style=\"width: 100%;\" controls=\"controls\"><source type=\"audio\/ogg\" src=\"http:\/\/maitallurgie.be\/2016\/wp-content\/uploads\/2016\/06\/jeudi2.ogg?_=6\" \/><a href=\"http:\/\/maitallurgie.be\/2016\/wp-content\/uploads\/2016\/06\/jeudi2.ogg\">http:\/\/maitallurgie.be\/2016\/wp-content\/uploads\/2016\/06\/jeudi2.ogg<\/a><\/audio>\n<p>&nbsp;<\/p>\n<audio class=\"wp-audio-shortcode\" id=\"audio-67-7\" preload=\"none\" style=\"width: 100%;\" controls=\"controls\"><source type=\"audio\/ogg\" src=\"http:\/\/maitallurgie.be\/2016\/wp-content\/uploads\/2016\/06\/jeudi3.ogg?_=7\" \/><a href=\"http:\/\/maitallurgie.be\/2016\/wp-content\/uploads\/2016\/06\/jeudi3.ogg\">http:\/\/maitallurgie.be\/2016\/wp-content\/uploads\/2016\/06\/jeudi3.ogg<\/a><\/audio>\n<h4>Vendredi 27:<\/h4>\n<audio class=\"wp-audio-shortcode\" id=\"audio-67-8\" preload=\"none\" style=\"width: 100%;\" controls=\"controls\"><source type=\"audio\/ogg\" src=\"http:\/\/maitallurgie.be\/2016\/wp-content\/uploads\/2016\/06\/vendredi1.ogg?_=8\" \/><a href=\"http:\/\/maitallurgie.be\/2016\/wp-content\/uploads\/2016\/06\/vendredi1.ogg\">http:\/\/maitallurgie.be\/2016\/wp-content\/uploads\/2016\/06\/vendredi1.ogg<\/a><\/audio>\n<p>&nbsp;<\/p>\n<audio class=\"wp-audio-shortcode\" id=\"audio-67-9\" preload=\"none\" style=\"width: 100%;\" controls=\"controls\"><source type=\"audio\/ogg\" src=\"http:\/\/maitallurgie.be\/2016\/wp-content\/uploads\/2016\/06\/vendredi2.ogg?_=9\" \/><a href=\"http:\/\/maitallurgie.be\/2016\/wp-content\/uploads\/2016\/06\/vendredi2.ogg\">http:\/\/maitallurgie.be\/2016\/wp-content\/uploads\/2016\/06\/vendredi2.ogg<\/a><\/audio>\n<p>&nbsp;<\/p>\n<audio class=\"wp-audio-shortcode\" id=\"audio-67-10\" preload=\"none\" style=\"width: 100%;\" controls=\"controls\"><source type=\"audio\/ogg\" src=\"http:\/\/maitallurgie.be\/2016\/wp-content\/uploads\/2016\/06\/vendredi3.ogg?_=10\" \/><a href=\"http:\/\/maitallurgie.be\/2016\/wp-content\/uploads\/2016\/06\/vendredi3.ogg\">http:\/\/maitallurgie.be\/2016\/wp-content\/uploads\/2016\/06\/vendredi3.ogg<\/a><\/audio>\n<p><img loading=\"lazy\" decoding=\"async\" class=\"alignnone size-full wp-image-165\" src=\"http:\/\/maitallurgie.be\/2016\/wp-content\/uploads\/2016\/03\/smalllogoradioBF.png\" alt=\"smalllogoradioBF\" width=\"159\" height=\"151\" \/><br \/>\n<iframe loading=\"lazy\" style=\"border: none; overflow: hidden;\" src=\"https:\/\/www.facebook.com\/plugins\/post.php?href=https%3A%2F%2Fwww.facebook.com%2Fmedia%2Fset%2F%3Fset%3Da.1803531633212870.1073741857.100006681525053%26type%3D3&amp;width=500\" width=\"500\" height=\"626\" frameborder=\"0\" scrolling=\"no\"><\/iframe><\/p>\n","protected":false},"excerpt":{"rendered":"<p>Vous avez \u00e9cout\u00e9 \u00ab\u00a0Radio -Maitallurgie\u00a0\u00bb en direct du Rockerill du lundi 23 au vendredi 27 de 13h \u00e0 16h sur http:\/\/radio.gsara.be:8000\/charleroi Retrouvez 4 des 5 \u00e9missions en direct et en entiert\u00e9 dans cette page. ( en effet, quelques soucis techniques nous ont emp\u00each\u00e9s d&rsquo;enregistrer le flux du lundi ) Mardi 24: Mercredi 25: &nbsp; &nbsp; &hellip; <a href=\"https:\/\/maitallurgie.be\/2016\/grille-programme\/\" class=\"more-link\">Continuer la lecture<span class=\"screen-reader-text\"> de &laquo;&nbsp;En direct \/Grille programme&nbsp;&raquo;<\/span><\/a><\/p>\n","protected":false},"author":1,"featured_media":1179,"parent":0,"menu_order":0,"comment_status":"closed","ping_status":"closed","template":"","meta":{"footnotes":""},"class_list":["post-67","page","type-page","status-publish","has-post-thumbnail","hentry"],"_links":{"self":[{"href":"https:\/\/maitallurgie.be\/2016\/wp-json\/wp\/v2\/pages\/67","targetHints":{"allow":["GET"]}}],"collection":[{"href":"https:\/\/maitallurgie.be\/2016\/wp-json\/wp\/v2\/pages"}],"about":[{"href":"https:\/\/maitallurgie.be\/2016\/wp-json\/wp\/v2\/types\/page"}],"author":[{"embeddable":true,"href":"https:\/\/maitallurgie.be\/2016\/wp-json\/wp\/v2\/users\/1"}],"replies":[{"embeddable":true,"href":"https:\/\/maitallurgie.be\/2016\/wp-json\/wp\/v2\/comments?post=67"}],"version-history":[{"count":13,"href":"https:\/\/maitallurgie.be\/2016\/wp-json\/wp\/v2\/pages\/67\/revisions"}],"predecessor-version":[{"id":1465,"href":"https:\/\/maitallurgie.be\/2016\/wp-json\/wp\/v2\/pages\/67\/revisions\/1465"}],"wp:featuredmedia":[{"embeddable":true,"href":"https:\/\/maitallurgie.be\/2016\/wp-json\/wp\/v2\/media\/1179"}],"wp:attachment":[{"href":"https:\/\/maitallurgie.be\/2016\/wp-json\/wp\/v2\/media?parent=67"}],"curies":[{"name":"wp","href":"https:\/\/api.w.org\/{rel}","templated":true}]}}