{"id":65,"date":"2016-03-09T13:19:40","date_gmt":"2016-03-09T12:19:40","guid":{"rendered":"http:\/\/maitallurgie.be\/?page_id=65"},"modified":"2016-03-09T13:19:40","modified_gmt":"2016-03-09T12:19:40","slug":"descriptif","status":"publish","type":"page","link":"https:\/\/maitallurgie.be\/2016\/descriptif\/","title":{"rendered":"Descriptif"},"content":{"rendered":"<h1 style=\"text-align: center;\"><strong>Radio-Mai&rsquo;tallurgie<\/strong><\/h1>\n<h2 style=\"text-align: center;\">Radio \u00e9ph\u00e9m\u00e8re en direct du Rockerill\u00a0 durant le festival.<\/h2>\n<h3 style=\"text-align: right;\">lun.23 &gt; Ven.27 mai de 13h \u00e0 16h<\/h3>\n<p>&nbsp;<\/p>\n<p style=\"text-align: center;\"><img loading=\"lazy\" decoding=\"async\" class=\"alignnone wp-image-164\" src=\"http:\/\/maitallurgie.be\/wp-content\/uploads\/2016\/03\/logoradioBF-300x285.png\" alt=\"logoradioBF\" width=\"298\" height=\"283\" srcset=\"https:\/\/maitallurgie.be\/2016\/wp-content\/uploads\/2016\/03\/logoradioBF-300x285.png 300w, https:\/\/maitallurgie.be\/2016\/wp-content\/uploads\/2016\/03\/logoradioBF-768x730.png 768w, https:\/\/maitallurgie.be\/2016\/wp-content\/uploads\/2016\/03\/logoradioBF-1024x974.png 1024w, https:\/\/maitallurgie.be\/2016\/wp-content\/uploads\/2016\/03\/logoradioBF.png 1593w\" sizes=\"auto, (max-width: 298px) 85vw, 298px\" \/><\/p>\n<p style=\"text-align: justify;\">Toute la semaine en direct de l&rsquo;espace expos au Rockerill pour faire entendre la voix des marchiennois sur la plan\u00e8te enti\u00e8re !!<\/p>\n<p style=\"text-align: justify;\">Invit\u00e9s, t\u00e9moignages, \u0153uvres sonores, musiques libres seront au programme des 3h quotidiennes de radio !<\/p>\n<p style=\"text-align: justify;\">(Attention, on ne diffuse que de l&rsquo;original, du 100 % carolo. Pas de contenus copyright\u00e9s, pas de droits d&rsquo;auteurs sur cette antenne qui se veut aussi libre que possible)<\/p>\n","protected":false},"excerpt":{"rendered":"<p>Radio-Mai&rsquo;tallurgie Radio \u00e9ph\u00e9m\u00e8re en direct du Rockerill\u00a0 durant le festival. lun.23 &gt; Ven.27 mai de 13h \u00e0 16h &nbsp; Toute la semaine en direct de l&rsquo;espace expos au Rockerill pour faire entendre la voix des marchiennois sur la plan\u00e8te enti\u00e8re !! Invit\u00e9s, t\u00e9moignages, \u0153uvres sonores, musiques libres seront au programme des 3h quotidiennes de radio &hellip; <a href=\"https:\/\/maitallurgie.be\/2016\/descriptif\/\" class=\"more-link\">Continuer la lecture<span class=\"screen-reader-text\"> de &laquo;&nbsp;Descriptif&nbsp;&raquo;<\/span><\/a><\/p>\n","protected":false},"author":1,"featured_media":0,"parent":0,"menu_order":0,"comment_status":"closed","ping_status":"closed","template":"","meta":{"footnotes":""},"class_list":["post-65","page","type-page","status-publish","hentry"],"_links":{"self":[{"href":"https:\/\/maitallurgie.be\/2016\/wp-json\/wp\/v2\/pages\/65","targetHints":{"allow":["GET"]}}],"collection":[{"href":"https:\/\/maitallurgie.be\/2016\/wp-json\/wp\/v2\/pages"}],"about":[{"href":"https:\/\/maitallurgie.be\/2016\/wp-json\/wp\/v2\/types\/page"}],"author":[{"embeddable":true,"href":"https:\/\/maitallurgie.be\/2016\/wp-json\/wp\/v2\/users\/1"}],"replies":[{"embeddable":true,"href":"https:\/\/maitallurgie.be\/2016\/wp-json\/wp\/v2\/comments?post=65"}],"version-history":[{"count":6,"href":"https:\/\/maitallurgie.be\/2016\/wp-json\/wp\/v2\/pages\/65\/revisions"}],"predecessor-version":[{"id":193,"href":"https:\/\/maitallurgie.be\/2016\/wp-json\/wp\/v2\/pages\/65\/revisions\/193"}],"wp:attachment":[{"href":"https:\/\/maitallurgie.be\/2016\/wp-json\/wp\/v2\/media?parent=65"}],"curies":[{"name":"wp","href":"https:\/\/api.w.org\/{rel}","templated":true}]}}