{"id":406,"date":"2016-03-21T09:22:28","date_gmt":"2016-03-21T08:22:28","guid":{"rendered":"http:\/\/maitallurgie.be\/?page_id=406"},"modified":"2016-03-21T10:03:08","modified_gmt":"2016-03-21T09:03:08","slug":"2014-a-table","status":"publish","type":"page","link":"https:\/\/maitallurgie.be\/2016\/2014-a-table\/","title":{"rendered":"2014 : \u00e0 tables !"},"content":{"rendered":"<p style=\"text-align: center;\"><img loading=\"lazy\" decoding=\"async\" class=\"alignnone size-medium wp-image-370\" src=\"http:\/\/maitallurgie.be\/wp-content\/uploads\/2016\/03\/2014-215x300.png\" alt=\"2014\" width=\"215\" height=\"300\" srcset=\"https:\/\/maitallurgie.be\/2016\/wp-content\/uploads\/2016\/03\/2014-215x300.png 215w, https:\/\/maitallurgie.be\/2016\/wp-content\/uploads\/2016\/03\/2014-1433x2000.png 1433w, https:\/\/maitallurgie.be\/2016\/wp-content\/uploads\/2016\/03\/2014.png 1552w\" sizes=\"auto, (max-width: 215px) 85vw, 215px\" \/><\/p>\n<p>Cette probl\u00e9matique qui permet d\u2019aborder de nombreuses questions est envisag\u00e9e de mani\u00e8re plus large que ce qui concerne\u00a0 l\u2019alimentation. La table est un lieu, un objet autour duquel de \u00a0nombreux rituels humains peuvent \u00eatre abord\u00e9s. Le festival vise \u00e0 cr\u00e9er \u00e9galement les conditions du dialogue interculturel pour partager ces diff\u00e9rences et pour identifier ce qui nous rassemble.<\/p>\n<p>Public Inauguration : 400 personnes. Visites de l\u2019Expo en semaine : 150 personnes. Resto Eph\u00e9m\u00e8re : 450 personnes. Cabaret A tables : 250 personnes. Repas collectif et concerts : 500 Personnes. Vid\u00e9o Mapping : 600 Personnes.<\/p>\n<p>&nbsp;<\/p>\n<p>[slideshow_deploy id=&rsquo;484&prime;]<\/p>\n","protected":false},"excerpt":{"rendered":"<p>Cette probl\u00e9matique qui permet d\u2019aborder de nombreuses questions est envisag\u00e9e de mani\u00e8re plus large que ce qui concerne\u00a0 l\u2019alimentation. La table est un lieu, un objet autour duquel de \u00a0nombreux rituels humains peuvent \u00eatre abord\u00e9s. Le festival vise \u00e0 cr\u00e9er \u00e9galement les conditions du dialogue interculturel pour partager ces diff\u00e9rences et pour identifier ce qui &hellip; <a href=\"https:\/\/maitallurgie.be\/2016\/2014-a-table\/\" class=\"more-link\">Continuer la lecture<span class=\"screen-reader-text\"> de &laquo;&nbsp;2014 : \u00e0 tables !&nbsp;&raquo;<\/span><\/a><\/p>\n","protected":false},"author":5,"featured_media":0,"parent":0,"menu_order":0,"comment_status":"closed","ping_status":"closed","template":"","meta":{"footnotes":""},"class_list":["post-406","page","type-page","status-publish","hentry"],"_links":{"self":[{"href":"https:\/\/maitallurgie.be\/2016\/wp-json\/wp\/v2\/pages\/406","targetHints":{"allow":["GET"]}}],"collection":[{"href":"https:\/\/maitallurgie.be\/2016\/wp-json\/wp\/v2\/pages"}],"about":[{"href":"https:\/\/maitallurgie.be\/2016\/wp-json\/wp\/v2\/types\/page"}],"author":[{"embeddable":true,"href":"https:\/\/maitallurgie.be\/2016\/wp-json\/wp\/v2\/users\/5"}],"replies":[{"embeddable":true,"href":"https:\/\/maitallurgie.be\/2016\/wp-json\/wp\/v2\/comments?post=406"}],"version-history":[{"count":5,"href":"https:\/\/maitallurgie.be\/2016\/wp-json\/wp\/v2\/pages\/406\/revisions"}],"predecessor-version":[{"id":504,"href":"https:\/\/maitallurgie.be\/2016\/wp-json\/wp\/v2\/pages\/406\/revisions\/504"}],"wp:attachment":[{"href":"https:\/\/maitallurgie.be\/2016\/wp-json\/wp\/v2\/media?parent=406"}],"curies":[{"name":"wp","href":"https:\/\/api.w.org\/{rel}","templated":true}]}}