{"id":404,"date":"2016-03-21T09:22:14","date_gmt":"2016-03-21T08:22:14","guid":{"rendered":"http:\/\/maitallurgie.be\/?page_id=404"},"modified":"2016-03-21T09:51:33","modified_gmt":"2016-03-21T08:51:33","slug":"2012-mon-quartier-jy-vis-jy-reste","status":"publish","type":"page","link":"https:\/\/maitallurgie.be\/2016\/2012-mon-quartier-jy-vis-jy-reste\/","title":{"rendered":"2012 : mon quartier j&rsquo;y vis, j&rsquo;y reste"},"content":{"rendered":"<p><img loading=\"lazy\" decoding=\"async\" class=\"alignnone size-medium wp-image-369\" src=\"http:\/\/maitallurgie.be\/wp-content\/uploads\/2016\/03\/2012-1-212x300.jpg\" alt=\"2012\" width=\"212\" height=\"300\" srcset=\"https:\/\/maitallurgie.be\/2016\/wp-content\/uploads\/2016\/03\/2012-1-212x300.jpg 212w, https:\/\/maitallurgie.be\/2016\/wp-content\/uploads\/2016\/03\/2012-1-1414x2000.jpg 1414w\" sizes=\"auto, (max-width: 212px) 85vw, 212px\" \/><\/p>\n<p>&nbsp;<\/p>\n<p>Une occasion en or pour cr\u00e9er du lien ! Les citoyens ont d\u00e9cid\u00e9 cette ann\u00e9e de travailler sur l\u2019embellissement. Au moins 6 quartiers participant \u00e0 l\u2019\u00e9v\u00e9nement. Le Concert d\u2019inauguration avec Skarbone 14 au Rockerill environ 450 personnes. Promenade de la marionnette g\u00e9ante de 8 m de haut dans les rues 800 personnes. Plus de 600 personnes au repas collectif dans le parc de Marchienne. Les tours en bus : 120 personnes par jour. Expos au Rockerill : 450 personnes. Soir\u00e9e de Cl\u00f4ture : 250 personnes<\/p>\n<p>&nbsp;<\/p>\n<p>[slideshow_deploy id=&rsquo;443&prime;]<\/p>\n","protected":false},"excerpt":{"rendered":"<p>&nbsp; Une occasion en or pour cr\u00e9er du lien ! Les citoyens ont d\u00e9cid\u00e9 cette ann\u00e9e de travailler sur l\u2019embellissement. Au moins 6 quartiers participant \u00e0 l\u2019\u00e9v\u00e9nement. Le Concert d\u2019inauguration avec Skarbone 14 au Rockerill environ 450 personnes. Promenade de la marionnette g\u00e9ante de 8 m de haut dans les rues 800 personnes. Plus de &hellip; <a href=\"https:\/\/maitallurgie.be\/2016\/2012-mon-quartier-jy-vis-jy-reste\/\" class=\"more-link\">Continuer la lecture<span class=\"screen-reader-text\"> de &laquo;&nbsp;2012 : mon quartier j&rsquo;y vis, j&rsquo;y reste&nbsp;&raquo;<\/span><\/a><\/p>\n","protected":false},"author":5,"featured_media":0,"parent":0,"menu_order":0,"comment_status":"closed","ping_status":"closed","template":"","meta":{"footnotes":""},"class_list":["post-404","page","type-page","status-publish","hentry"],"_links":{"self":[{"href":"https:\/\/maitallurgie.be\/2016\/wp-json\/wp\/v2\/pages\/404","targetHints":{"allow":["GET"]}}],"collection":[{"href":"https:\/\/maitallurgie.be\/2016\/wp-json\/wp\/v2\/pages"}],"about":[{"href":"https:\/\/maitallurgie.be\/2016\/wp-json\/wp\/v2\/types\/page"}],"author":[{"embeddable":true,"href":"https:\/\/maitallurgie.be\/2016\/wp-json\/wp\/v2\/users\/5"}],"replies":[{"embeddable":true,"href":"https:\/\/maitallurgie.be\/2016\/wp-json\/wp\/v2\/comments?post=404"}],"version-history":[{"count":3,"href":"https:\/\/maitallurgie.be\/2016\/wp-json\/wp\/v2\/pages\/404\/revisions"}],"predecessor-version":[{"id":491,"href":"https:\/\/maitallurgie.be\/2016\/wp-json\/wp\/v2\/pages\/404\/revisions\/491"}],"wp:attachment":[{"href":"https:\/\/maitallurgie.be\/2016\/wp-json\/wp\/v2\/media?parent=404"}],"curies":[{"name":"wp","href":"https:\/\/api.w.org\/{rel}","templated":true}]}}