{"id":401,"date":"2016-03-21T09:21:09","date_gmt":"2016-03-21T08:21:09","guid":{"rendered":"http:\/\/maitallurgie.be\/?page_id=401"},"modified":"2016-05-10T00:27:38","modified_gmt":"2016-05-09T23:27:38","slug":"2010-leau-et-les-ponts","status":"publish","type":"page","link":"https:\/\/maitallurgie.be\/2016\/2010-leau-et-les-ponts\/","title":{"rendered":"2010 : l&rsquo;eau et les ponts"},"content":{"rendered":"<p><img loading=\"lazy\" decoding=\"async\" class=\"alignnone size-medium wp-image-367\" src=\"http:\/\/maitallurgie.be\/wp-content\/uploads\/2016\/03\/2010-1-212x300.png\" alt=\"2010 (1)\" width=\"212\" height=\"300\" srcset=\"https:\/\/maitallurgie.be\/2016\/wp-content\/uploads\/2016\/03\/2010-1-212x300.png 212w, https:\/\/maitallurgie.be\/2016\/wp-content\/uploads\/2016\/03\/2010-1-1413x2000.png 1413w, https:\/\/maitallurgie.be\/2016\/wp-content\/uploads\/2016\/03\/2010-1.png 1528w\" sizes=\"auto, (max-width: 212px) 85vw, 212px\" \/><\/p>\n<p>Toutes les festivit\u00e9s du mois de mai ont \u00e9t\u00e9 ax\u00e9es sur la th\u00e9matique de l\u2019eau : Ballades, spectacles, expositions. R\u00e9ception d\u2019ouverture le 1er mai devant l\u2019H\u00f4tel de Ville 250 personnes Promenade guid\u00e9e \u00ab As-tu vu Marchienne en Mai ? Tous en Sambre ! \u00bb 600 personnes- Spectacles de cabaret \u00ab A l\u2019Eau de L\u00e0 \u00bb 165 Adultes. \u2013 Son et lumi\u00e8re +- 2.000 personnes<br \/>\nExpo MPA 300 personnes \u2013 Concerts Rockerill 1200 personnes<\/p>\n<p>[slideshow_deploy id=&rsquo;418&prime;]<\/p>\n","protected":false},"excerpt":{"rendered":"<p>Toutes les festivit\u00e9s du mois de mai ont \u00e9t\u00e9 ax\u00e9es sur la th\u00e9matique de l\u2019eau : Ballades, spectacles, expositions. R\u00e9ception d\u2019ouverture le 1er mai devant l\u2019H\u00f4tel de Ville 250 personnes Promenade guid\u00e9e \u00ab As-tu vu Marchienne en Mai ? Tous en Sambre ! \u00bb 600 personnes- Spectacles de cabaret \u00ab A l\u2019Eau de L\u00e0 \u00bb &hellip; <a href=\"https:\/\/maitallurgie.be\/2016\/2010-leau-et-les-ponts\/\" class=\"more-link\">Continuer la lecture<span class=\"screen-reader-text\"> de &laquo;&nbsp;2010 : l&rsquo;eau et les ponts&nbsp;&raquo;<\/span><\/a><\/p>\n","protected":false},"author":5,"featured_media":0,"parent":0,"menu_order":0,"comment_status":"closed","ping_status":"closed","template":"","meta":{"footnotes":""},"class_list":["post-401","page","type-page","status-publish","hentry"],"_links":{"self":[{"href":"https:\/\/maitallurgie.be\/2016\/wp-json\/wp\/v2\/pages\/401","targetHints":{"allow":["GET"]}}],"collection":[{"href":"https:\/\/maitallurgie.be\/2016\/wp-json\/wp\/v2\/pages"}],"about":[{"href":"https:\/\/maitallurgie.be\/2016\/wp-json\/wp\/v2\/types\/page"}],"author":[{"embeddable":true,"href":"https:\/\/maitallurgie.be\/2016\/wp-json\/wp\/v2\/users\/5"}],"replies":[{"embeddable":true,"href":"https:\/\/maitallurgie.be\/2016\/wp-json\/wp\/v2\/comments?post=401"}],"version-history":[{"count":6,"href":"https:\/\/maitallurgie.be\/2016\/wp-json\/wp\/v2\/pages\/401\/revisions"}],"predecessor-version":[{"id":1087,"href":"https:\/\/maitallurgie.be\/2016\/wp-json\/wp\/v2\/pages\/401\/revisions\/1087"}],"wp:attachment":[{"href":"https:\/\/maitallurgie.be\/2016\/wp-json\/wp\/v2\/media?parent=401"}],"curies":[{"name":"wp","href":"https:\/\/api.w.org\/{rel}","templated":true}]}}