{"id":1293,"date":"2016-06-16T15:40:59","date_gmt":"2016-06-16T14:40:59","guid":{"rendered":"http:\/\/maitallurgie.be\/?page_id=1293"},"modified":"2016-06-16T15:40:59","modified_gmt":"2016-06-16T14:40:59","slug":"maitallurgie-2016","status":"publish","type":"page","link":"https:\/\/maitallurgie.be\/2016\/maitallurgie-2016\/","title":{"rendered":"MAI&rsquo;tallurgie 2016"},"content":{"rendered":"<p>La 5\u00e8me \u00e9dition du festival est termin\u00e9e.<br \/>\nMerci \u00e0 tous ceux qui ont permis sa r\u00e9ussite et vivement la prochaine \u00e9dition.<\/p>\n","protected":false},"excerpt":{"rendered":"<p>La 5\u00e8me \u00e9dition du festival est termin\u00e9e. Merci \u00e0 tous ceux qui ont permis sa r\u00e9ussite et vivement la prochaine \u00e9dition.<\/p>\n","protected":false},"author":5,"featured_media":0,"parent":0,"menu_order":0,"comment_status":"closed","ping_status":"closed","template":"","meta":{"footnotes":""},"class_list":["post-1293","page","type-page","status-publish","hentry"],"_links":{"self":[{"href":"https:\/\/maitallurgie.be\/2016\/wp-json\/wp\/v2\/pages\/1293","targetHints":{"allow":["GET"]}}],"collection":[{"href":"https:\/\/maitallurgie.be\/2016\/wp-json\/wp\/v2\/pages"}],"about":[{"href":"https:\/\/maitallurgie.be\/2016\/wp-json\/wp\/v2\/types\/page"}],"author":[{"embeddable":true,"href":"https:\/\/maitallurgie.be\/2016\/wp-json\/wp\/v2\/users\/5"}],"replies":[{"embeddable":true,"href":"https:\/\/maitallurgie.be\/2016\/wp-json\/wp\/v2\/comments?post=1293"}],"version-history":[{"count":2,"href":"https:\/\/maitallurgie.be\/2016\/wp-json\/wp\/v2\/pages\/1293\/revisions"}],"predecessor-version":[{"id":1433,"href":"https:\/\/maitallurgie.be\/2016\/wp-json\/wp\/v2\/pages\/1293\/revisions\/1433"}],"wp:attachment":[{"href":"https:\/\/maitallurgie.be\/2016\/wp-json\/wp\/v2\/media?parent=1293"}],"curies":[{"name":"wp","href":"https:\/\/api.w.org\/{rel}","templated":true}]}}