{"id":1437,"date":"2017-10-23T13:05:45","date_gmt":"2017-10-23T12:05:45","guid":{"rendered":"http:\/\/maitallurgie.be\/?page_id=1437"},"modified":"2017-10-23T13:42:09","modified_gmt":"2017-10-23T12:42:09","slug":"home-message2018","status":"publish","type":"page","link":"http:\/\/maitallurgie.be\/2016\/home-message2018\/","title":{"rendered":"Edition 2018 du Festival, \u00e0 vos marques!"},"content":{"rendered":"<h2>Et voil\u00e0, c&rsquo;est reparti !<\/h2>\n<p>La premi\u00e8re r\u00e9union de coordination a eu lieu vendredi 20 oct dans les locaux d&rsquo;Avanti. Grosse envie de remettre \u00e7a et un paquet d&rsquo;id\u00e9es qui s&rsquo;esquissent d\u00e9j\u00e0 !<\/p>\n<p>La prochaine \u00e9dition du Festival prendra ses quartiers sur la place centrale de Marchienne-au-Pont, face \u00e0 l&rsquo;\u00e9glise.<\/p>\n<p>La th\u00e9matique de cette ann\u00e9e se focalise sur les espaces publics et, plus sp\u00e9cifiquement sur les places et s&rsquo;intitule :<\/p>\n<h1 style=\"text-align: center;\">\u00ab\u00a0des places et vous !\u00a0\u00bb<\/h1>\n<p><img loading=\"lazy\" decoding=\"async\" class=\"size-full wp-image-1443 aligncenter\" src=\"http:\/\/maitallurgie.be\/wp-content\/uploads\/2017\/10\/Metasitu_Public-Space-Inventory-2011.gif\" alt=\"Metasitu_Public-Space-Inventory--2011\" width=\"250\" height=\"250\" \/><\/p>\n<p>&nbsp;<\/p>\n<p>Pas encore de logo, de visuel \u00e0 se mettre sous la dent mais cela ne saurait tarder.<\/p>\n<p>RDV au mois de mai 2018 \u00e0 Marchienne.<\/p>\n","protected":false},"excerpt":{"rendered":"<p>Et voil\u00e0, c&rsquo;est reparti ! La premi\u00e8re r\u00e9union de coordination a eu lieu vendredi 20 oct dans les locaux d&rsquo;Avanti. Grosse envie de remettre \u00e7a et un paquet d&rsquo;id\u00e9es qui s&rsquo;esquissent d\u00e9j\u00e0 ! La prochaine \u00e9dition du Festival prendra ses quartiers sur la place centrale de Marchienne-au-Pont, face \u00e0 l&rsquo;\u00e9glise. La th\u00e9matique de cette ann\u00e9e &hellip; <a href=\"http:\/\/maitallurgie.be\/2016\/home-message2018\/\" class=\"more-link\">Continuer la lecture<span class=\"screen-reader-text\"> de &laquo;&nbsp;Edition 2018 du Festival, \u00e0 vos marques!&nbsp;&raquo;<\/span><\/a><\/p>\n","protected":false},"author":1,"featured_media":1441,"parent":0,"menu_order":0,"comment_status":"closed","ping_status":"closed","template":"","meta":{"footnotes":""},"class_list":["post-1437","page","type-page","status-publish","has-post-thumbnail","hentry"],"_links":{"self":[{"href":"http:\/\/maitallurgie.be\/2016\/wp-json\/wp\/v2\/pages\/1437","targetHints":{"allow":["GET"]}}],"collection":[{"href":"http:\/\/maitallurgie.be\/2016\/wp-json\/wp\/v2\/pages"}],"about":[{"href":"http:\/\/maitallurgie.be\/2016\/wp-json\/wp\/v2\/types\/page"}],"author":[{"embeddable":true,"href":"http:\/\/maitallurgie.be\/2016\/wp-json\/wp\/v2\/users\/1"}],"replies":[{"embeddable":true,"href":"http:\/\/maitallurgie.be\/2016\/wp-json\/wp\/v2\/comments?post=1437"}],"version-history":[{"count":5,"href":"http:\/\/maitallurgie.be\/2016\/wp-json\/wp\/v2\/pages\/1437\/revisions"}],"predecessor-version":[{"id":1444,"href":"http:\/\/maitallurgie.be\/2016\/wp-json\/wp\/v2\/pages\/1437\/revisions\/1444"}],"wp:featuredmedia":[{"embeddable":true,"href":"http:\/\/maitallurgie.be\/2016\/wp-json\/wp\/v2\/media\/1441"}],"wp:attachment":[{"href":"http:\/\/maitallurgie.be\/2016\/wp-json\/wp\/v2\/media?parent=1437"}],"curies":[{"name":"wp","href":"https:\/\/api.w.org\/{rel}","templated":true}]}}